{"id":46,"date":"2025-12-04T17:54:23","date_gmt":"2025-12-04T15:54:23","guid":{"rendered":"https:\/\/locationservice.fi\/?page_id=46"},"modified":"2026-04-13T20:20:52","modified_gmt":"2026-04-13T18:20:52","slug":"credits","status":"publish","type":"page","link":"https:\/\/locationservice.fi\/index.php\/credits\/","title":{"rendered":"CREDITS"},"content":{"rendered":"\t\t<div data-elementor-type=\"wp-page\" data-elementor-id=\"46\" class=\"elementor elementor-46\" data-elementor-post-type=\"page\">\n\t\t\t\t<div class=\"elementor-element elementor-element-4116a97 e-flex e-con-boxed e-con e-parent\" data-id=\"4116a97\" data-element_type=\"container\" data-e-type=\"container\">\n\t\t\t\t\t<div class=\"e-con-inner\">\n\t\t\t\t<div class=\"elementor-element elementor-element-a160881 elementor-widget elementor-widget-text-editor\" data-id=\"a160881\" data-element_type=\"widget\" data-e-type=\"widget\" data-widget_type=\"text-editor.default\">\n\t\t\t\t\t\t\t\t\t<p>Here&#8217;s a selection of recent production credits we&#8217;ve been involved in making. For more credits, please visit <a href=\"https:\/\/www.imdb.com\/name\/nm0373399\/\" target=\"_blank\" rel=\"noopener\">the Internet Movie Data Base, Imdb<\/a>.<\/p>\t\t\t\t\t\t\t\t<\/div>\n\t\t\t\t\t<\/div>\n\t\t\t\t<\/div>\n\t\t<div class=\"elementor-element elementor-element-9b9b0ce e-grid e-con-boxed e-con e-parent\" data-id=\"9b9b0ce\" data-element_type=\"container\" data-e-type=\"container\">\n\t\t\t\t\t<div class=\"e-con-inner\">\n\t\t\t\t<div class=\"elementor-element elementor-element-9ec331e elementor-widget elementor-widget-video\" data-id=\"9ec331e\" data-element_type=\"widget\" data-e-type=\"widget\" data-settings=\"{&quot;video_type&quot;:&quot;hosted&quot;,&quot;show_image_overlay&quot;:&quot;yes&quot;,&quot;image_overlay&quot;:{&quot;url&quot;:&quot;https:\\\/\\\/locationservice.fi\\\/wp-content\\\/uploads\\\/2026\\\/02\\\/Blue-Baby-teaser-1.jpg&quot;,&quot;id&quot;:266,&quot;size&quot;:&quot;&quot;,&quot;alt&quot;:&quot;&quot;,&quot;source&quot;:&quot;library&quot;},&quot;controls&quot;:&quot;yes&quot;}\" data-widget_type=\"video.default\">\n\t\t\t\t\t\t\t<div class=\"e-hosted-video elementor-wrapper elementor-open-inline\">\n\t\t\t\t\t<video class=\"elementor-video\" src=\"https:\/\/locationservice.fi\/wp-content\/uploads\/2026\/02\/Blue-Baby-teaser.mp4\" controls=\"\" preload=\"metadata\" controlsList=\"nodownload\"><\/video>\n\t\t\t\t\t\t<div class=\"elementor-custom-embed-image-overlay\" style=\"background-image: url(https:\/\/locationservice.fi\/wp-content\/uploads\/2026\/02\/Blue-Baby-teaser-1.jpg);\">\n\t\t\t\t\t\t\t\t\t\t\t\t\t\t\t\t<div class=\"elementor-custom-embed-play\" role=\"button\" aria-label=\"Play Video\" tabindex=\"0\">\n\t\t\t\t\t\t\t<svg aria-hidden=\"true\" class=\"e-font-icon-svg e-eicon-play\" viewBox=\"0 0 1000 1000\" xmlns=\"http:\/\/www.w3.org\/2000\/svg\"><path d=\"M838 162C746 71 633 25 500 25 371 25 258 71 163 162 71 254 25 367 25 500 25 633 71 746 163 837 254 929 367 979 500 979 633 979 746 933 838 837 929 746 975 633 975 500 975 367 929 254 838 162M808 192C892 279 933 379 933 500 933 621 892 725 808 808 725 892 621 938 500 938 379 938 279 896 196 808 113 725 67 621 67 500 67 379 108 279 196 192 279 108 383 62 500 62 621 62 721 108 808 192M438 392V642L642 517 438 392Z\"><\/path><\/svg>\t\t\t\t\t\t<\/div>\n\t\t\t\t\t\t\t\t\t<\/div>\n\t\t\t\t\t<\/div>\n\t\t\t\t\t\t<\/div>\n\t\t\t\t<div class=\"elementor-element elementor-element-0b8dbfd elementor-widget elementor-widget-text-editor\" data-id=\"0b8dbfd\" data-element_type=\"widget\" data-e-type=\"widget\" data-widget_type=\"text-editor.default\">\n\t\t\t\t\t\t\t\t\t<p>\u00a0<\/p><p><strong>Hetki ennen valoa \/ Blue Baby<\/strong><br \/>Feature film<br \/>Premiere: 2026<\/p><p>Director: Klaus H\u00e4r\u00f6<br \/>Supervising Location Manager and Scout: Klaus Hedstr\u00f6m<br \/>Production: Making Movies<\/p><p><a href=\"https:\/\/www.imdb.com\/title\/tt37895133\/\" target=\"_blank\" rel=\"noopener\">https:\/\/www.imdb.com\/title\/tt37895133\/<\/a><\/p>\t\t\t\t\t\t\t\t<\/div>\n\t\t\t\t<div class=\"elementor-element elementor-element-b82f3ab elementor-widget elementor-widget-video\" data-id=\"b82f3ab\" data-element_type=\"widget\" data-e-type=\"widget\" data-settings=\"{&quot;video_type&quot;:&quot;hosted&quot;,&quot;show_image_overlay&quot;:&quot;yes&quot;,&quot;image_overlay&quot;:{&quot;url&quot;:&quot;https:\\\/\\\/locationservice.fi\\\/wp-content\\\/uploads\\\/2026\\\/02\\\/Kerrokaikille_trailer-1.jpg&quot;,&quot;id&quot;:267,&quot;size&quot;:&quot;&quot;,&quot;alt&quot;:&quot;&quot;,&quot;source&quot;:&quot;library&quot;},&quot;controls&quot;:&quot;yes&quot;}\" data-widget_type=\"video.default\">\n\t\t\t\t\t\t\t<div class=\"e-hosted-video elementor-wrapper elementor-open-inline\">\n\t\t\t\t\t<video class=\"elementor-video\" src=\"https:\/\/locationservice.fi\/wp-content\/uploads\/2026\/02\/Kerrokaikille_trailer.mp4\" controls=\"\" preload=\"metadata\" controlsList=\"nodownload\"><\/video>\n\t\t\t\t\t\t<div class=\"elementor-custom-embed-image-overlay\" style=\"background-image: url(https:\/\/locationservice.fi\/wp-content\/uploads\/2026\/02\/Kerrokaikille_trailer-1.jpg);\">\n\t\t\t\t\t\t\t\t\t\t\t\t\t\t\t\t<div class=\"elementor-custom-embed-play\" role=\"button\" aria-label=\"Play Video\" tabindex=\"0\">\n\t\t\t\t\t\t\t<svg aria-hidden=\"true\" class=\"e-font-icon-svg e-eicon-play\" viewBox=\"0 0 1000 1000\" xmlns=\"http:\/\/www.w3.org\/2000\/svg\"><path d=\"M838 162C746 71 633 25 500 25 371 25 258 71 163 162 71 254 25 367 25 500 25 633 71 746 163 837 254 929 367 979 500 979 633 979 746 933 838 837 929 746 975 633 975 500 975 367 929 254 838 162M808 192C892 279 933 379 933 500 933 621 892 725 808 808 725 892 621 938 500 938 379 938 279 896 196 808 113 725 67 621 67 500 67 379 108 279 196 192 279 108 383 62 500 62 621 62 721 108 808 192M438 392V642L642 517 438 392Z\"><\/path><\/svg>\t\t\t\t\t\t<\/div>\n\t\t\t\t\t\t\t\t\t<\/div>\n\t\t\t\t\t<\/div>\n\t\t\t\t\t\t<\/div>\n\t\t\t\t<div class=\"elementor-element elementor-element-0200fa4 elementor-widget elementor-widget-text-editor\" data-id=\"0200fa4\" data-element_type=\"widget\" data-e-type=\"widget\" data-widget_type=\"text-editor.default\">\n\t\t\t\t\t\t\t\t\t<p>\u00a0<\/p><p><strong>Kerro kaikille \/ Tell Everyone<\/strong><br \/>Feature film<br \/>Premiere: 2026<\/p><p>Director: Alli Haapasalo<br \/>Location Manager and Scout (South Finland): Klaus Hedstr\u00f6m<br \/>Production: Helsinki-filmi<\/p><p><a href=\"https:\/\/www.imdb.com\/title\/tt37355471\/\" target=\"_blank\" rel=\"noopener\">https:\/\/www.imdb.com\/title\/tt37355471\/<\/a><\/p>\t\t\t\t\t\t\t\t<\/div>\n\t\t\t\t<div class=\"elementor-element elementor-element-866e81e elementor-widget elementor-widget-video\" data-id=\"866e81e\" data-element_type=\"widget\" data-e-type=\"widget\" data-settings=\"{&quot;video_type&quot;:&quot;hosted&quot;,&quot;show_image_overlay&quot;:&quot;yes&quot;,&quot;image_overlay&quot;:{&quot;url&quot;:&quot;https:\\\/\\\/locationservice.fi\\\/wp-content\\\/uploads\\\/2026\\\/02\\\/AC5-Trailer.jpg&quot;,&quot;id&quot;:269,&quot;size&quot;:&quot;&quot;,&quot;alt&quot;:&quot;&quot;,&quot;source&quot;:&quot;library&quot;},&quot;controls&quot;:&quot;yes&quot;}\" data-widget_type=\"video.default\">\n\t\t\t\t\t\t\t<div class=\"e-hosted-video elementor-wrapper elementor-open-inline\">\n\t\t\t\t\t<video class=\"elementor-video\" src=\"https:\/\/locationservice.fi\/wp-content\/uploads\/2026\/02\/AC5-Trailer.mp4\" controls=\"\" preload=\"metadata\" controlsList=\"nodownload\"><\/video>\n\t\t\t\t\t\t<div class=\"elementor-custom-embed-image-overlay\" style=\"background-image: url(https:\/\/locationservice.fi\/wp-content\/uploads\/2026\/02\/AC5-Trailer.jpg);\">\n\t\t\t\t\t\t\t\t\t\t\t\t\t\t\t\t<div class=\"elementor-custom-embed-play\" role=\"button\" aria-label=\"Play Video\" tabindex=\"0\">\n\t\t\t\t\t\t\t<svg aria-hidden=\"true\" class=\"e-font-icon-svg e-eicon-play\" viewBox=\"0 0 1000 1000\" xmlns=\"http:\/\/www.w3.org\/2000\/svg\"><path d=\"M838 162C746 71 633 25 500 25 371 25 258 71 163 162 71 254 25 367 25 500 25 633 71 746 163 837 254 929 367 979 500 979 633 979 746 933 838 837 929 746 975 633 975 500 975 367 929 254 838 162M808 192C892 279 933 379 933 500 933 621 892 725 808 808 725 892 621 938 500 938 379 938 279 896 196 808 113 725 67 621 67 500 67 379 108 279 196 192 279 108 383 62 500 62 621 62 721 108 808 192M438 392V642L642 517 438 392Z\"><\/path><\/svg>\t\t\t\t\t\t<\/div>\n\t\t\t\t\t\t\t\t\t<\/div>\n\t\t\t\t\t<\/div>\n\t\t\t\t\t\t<\/div>\n\t\t\t\t<div class=\"elementor-element elementor-element-f5824ca elementor-widget elementor-widget-text-editor\" data-id=\"f5824ca\" data-element_type=\"widget\" data-e-type=\"widget\" data-widget_type=\"text-editor.default\">\n\t\t\t\t\t\t\t\t\t<p>\u00a0<\/p><p><strong>Ivalo \/ Arctic Circle<\/strong><br \/>TV-series, season 5<br \/>Premiere: 2026<\/p><p>Director: Juuso Syrj\u00e4<br \/>Location Manager and Scout \/ Helsinki: Klaus Hedstr\u00f6m<br \/>Production: Yellow Film &amp; TV<\/p><p><a href=\"https:\/\/www.imdb.com\/title\/tt6800294\/\" target=\"_blank\" rel=\"noopener\">https:\/\/www.imdb.com\/title\/tt6800294\/<\/a><\/p>\t\t\t\t\t\t\t\t<\/div>\n\t\t\t\t<div class=\"elementor-element elementor-element-bab22bd elementor-widget elementor-widget-video\" data-id=\"bab22bd\" data-element_type=\"widget\" data-e-type=\"widget\" data-settings=\"{&quot;video_type&quot;:&quot;hosted&quot;,&quot;show_image_overlay&quot;:&quot;yes&quot;,&quot;image_overlay&quot;:{&quot;url&quot;:&quot;https:\\\/\\\/locationservice.fi\\\/wp-content\\\/uploads\\\/2026\\\/02\\\/Lepoloma_trailer.jpg&quot;,&quot;id&quot;:268,&quot;size&quot;:&quot;&quot;,&quot;alt&quot;:&quot;&quot;,&quot;source&quot;:&quot;library&quot;},&quot;controls&quot;:&quot;yes&quot;}\" data-widget_type=\"video.default\">\n\t\t\t\t\t\t\t<div class=\"e-hosted-video elementor-wrapper elementor-open-inline\">\n\t\t\t\t\t<video class=\"elementor-video\" src=\"https:\/\/locationservice.fi\/wp-content\/uploads\/2026\/02\/Lepoloma_trailer.mp4\" controls=\"\" preload=\"metadata\" controlsList=\"nodownload\"><\/video>\n\t\t\t\t\t\t<div class=\"elementor-custom-embed-image-overlay\" style=\"background-image: url(https:\/\/locationservice.fi\/wp-content\/uploads\/2026\/02\/Lepoloma_trailer.jpg);\">\n\t\t\t\t\t\t\t\t\t\t\t\t\t\t\t\t<div class=\"elementor-custom-embed-play\" role=\"button\" aria-label=\"Play Video\" tabindex=\"0\">\n\t\t\t\t\t\t\t<svg aria-hidden=\"true\" class=\"e-font-icon-svg e-eicon-play\" viewBox=\"0 0 1000 1000\" xmlns=\"http:\/\/www.w3.org\/2000\/svg\"><path d=\"M838 162C746 71 633 25 500 25 371 25 258 71 163 162 71 254 25 367 25 500 25 633 71 746 163 837 254 929 367 979 500 979 633 979 746 933 838 837 929 746 975 633 975 500 975 367 929 254 838 162M808 192C892 279 933 379 933 500 933 621 892 725 808 808 725 892 621 938 500 938 379 938 279 896 196 808 113 725 67 621 67 500 67 379 108 279 196 192 279 108 383 62 500 62 621 62 721 108 808 192M438 392V642L642 517 438 392Z\"><\/path><\/svg>\t\t\t\t\t\t<\/div>\n\t\t\t\t\t\t\t\t\t<\/div>\n\t\t\t\t\t<\/div>\n\t\t\t\t\t\t<\/div>\n\t\t\t\t<div class=\"elementor-element elementor-element-47ea70b elementor-widget elementor-widget-text-editor\" data-id=\"47ea70b\" data-element_type=\"widget\" data-e-type=\"widget\" data-widget_type=\"text-editor.default\">\n\t\t\t\t\t\t\t\t\t<p>\u00a0<\/p><p><strong>Luottomies 2 &#8211; Lepoloma \/ Wingman 2<\/strong><br \/>Feature film<br \/>Premiere: 2026<\/p><p>Director: Kari Ketonen<br \/>Supervising Location Manager (Finland): Klaus Hedstr\u00f6m<br \/>Production:\u00a0 Red Carpet Film &amp; TV<\/p><p><a href=\"https:\/\/www.imdb.com\/title\/tt39183535\/\" target=\"_blank\" rel=\"noopener\">https:\/\/www.imdb.com\/title\/tt39183535\/<\/a><\/p>\t\t\t\t\t\t\t\t<\/div>\n\t\t\t\t<div class=\"elementor-element elementor-element-0e0c442 elementor-widget elementor-widget-video\" data-id=\"0e0c442\" data-element_type=\"widget\" data-e-type=\"widget\" data-settings=\"{&quot;video_type&quot;:&quot;hosted&quot;,&quot;show_image_overlay&quot;:&quot;yes&quot;,&quot;image_overlay&quot;:{&quot;url&quot;:&quot;https:\\\/\\\/locationservice.fi\\\/wp-content\\\/uploads\\\/2026\\\/02\\\/TheElf_trailer.jpg&quot;,&quot;id&quot;:273,&quot;size&quot;:&quot;&quot;,&quot;alt&quot;:&quot;&quot;,&quot;source&quot;:&quot;library&quot;},&quot;controls&quot;:&quot;yes&quot;}\" data-widget_type=\"video.default\">\n\t\t\t\t\t\t\t<div class=\"e-hosted-video elementor-wrapper elementor-open-inline\">\n\t\t\t\t\t<video class=\"elementor-video\" src=\"https:\/\/locationservice.fi\/wp-content\/uploads\/2026\/02\/TheElf_trailer.mp4\" controls=\"\" preload=\"metadata\" controlsList=\"nodownload\"><\/video>\n\t\t\t\t\t\t<div class=\"elementor-custom-embed-image-overlay\" style=\"background-image: url(https:\/\/locationservice.fi\/wp-content\/uploads\/2026\/02\/TheElf_trailer.jpg);\">\n\t\t\t\t\t\t\t\t\t\t\t\t\t\t\t\t<div class=\"elementor-custom-embed-play\" role=\"button\" aria-label=\"Play Video\" tabindex=\"0\">\n\t\t\t\t\t\t\t<svg aria-hidden=\"true\" class=\"e-font-icon-svg e-eicon-play\" viewBox=\"0 0 1000 1000\" xmlns=\"http:\/\/www.w3.org\/2000\/svg\"><path d=\"M838 162C746 71 633 25 500 25 371 25 258 71 163 162 71 254 25 367 25 500 25 633 71 746 163 837 254 929 367 979 500 979 633 979 746 933 838 837 929 746 975 633 975 500 975 367 929 254 838 162M808 192C892 279 933 379 933 500 933 621 892 725 808 808 725 892 621 938 500 938 379 938 279 896 196 808 113 725 67 621 67 500 67 379 108 279 196 192 279 108 383 62 500 62 621 62 721 108 808 192M438 392V642L642 517 438 392Z\"><\/path><\/svg>\t\t\t\t\t\t<\/div>\n\t\t\t\t\t\t\t\t\t<\/div>\n\t\t\t\t\t<\/div>\n\t\t\t\t\t\t<\/div>\n\t\t\t\t<div class=\"elementor-element elementor-element-9ac57f1 elementor-widget elementor-widget-text-editor\" data-id=\"9ac57f1\" data-element_type=\"widget\" data-e-type=\"widget\" data-widget_type=\"text-editor.default\">\n\t\t\t\t\t\t\t\t\t<p>\u00a0<\/p><p><strong>Tonttu \/ The Elf and the Christmas Wonder<br \/><\/strong>Feature film<br \/>Premiere: 2025<\/p><p>Directors: Joonas Bergh\u00e4ll &amp; Hannes Vartiainen<br \/>Location Manager and Scout: Klaus Hedstr\u00f6m<br \/>Production: Dreamland Pictures<\/p><p><a href=\"https:\/\/www.imdb.com\/title\/tt29003256\/\" target=\"_blank\" rel=\"noopener\">https:\/\/www.imdb.com\/title\/tt29003256\/<\/a><\/p>\t\t\t\t\t\t\t\t<\/div>\n\t\t\t\t<div class=\"elementor-element elementor-element-a14273e elementor-widget elementor-widget-video\" data-id=\"a14273e\" data-element_type=\"widget\" data-e-type=\"widget\" data-settings=\"{&quot;video_type&quot;:&quot;hosted&quot;,&quot;show_image_overlay&quot;:&quot;yes&quot;,&quot;image_overlay&quot;:{&quot;url&quot;:&quot;https:\\\/\\\/locationservice.fi\\\/wp-content\\\/uploads\\\/2026\\\/02\\\/queen_of_fucking_everything_-_official_trailer-360p.jpg&quot;,&quot;id&quot;:272,&quot;size&quot;:&quot;&quot;,&quot;alt&quot;:&quot;&quot;,&quot;source&quot;:&quot;library&quot;},&quot;controls&quot;:&quot;yes&quot;}\" data-widget_type=\"video.default\">\n\t\t\t\t\t\t\t<div class=\"e-hosted-video elementor-wrapper elementor-open-inline\">\n\t\t\t\t\t<video class=\"elementor-video\" src=\"https:\/\/locationservice.fi\/wp-content\/uploads\/2026\/02\/queen_of_fucking_everything_-_official_trailer-360p.mp4\" controls=\"\" preload=\"metadata\" controlsList=\"nodownload\"><\/video>\n\t\t\t\t\t\t<div class=\"elementor-custom-embed-image-overlay\" style=\"background-image: url(https:\/\/locationservice.fi\/wp-content\/uploads\/2026\/02\/queen_of_fucking_everything_-_official_trailer-360p.jpg);\">\n\t\t\t\t\t\t\t\t\t\t\t\t\t\t\t\t<div class=\"elementor-custom-embed-play\" role=\"button\" aria-label=\"Play Video\" tabindex=\"0\">\n\t\t\t\t\t\t\t<svg aria-hidden=\"true\" class=\"e-font-icon-svg e-eicon-play\" viewBox=\"0 0 1000 1000\" xmlns=\"http:\/\/www.w3.org\/2000\/svg\"><path d=\"M838 162C746 71 633 25 500 25 371 25 258 71 163 162 71 254 25 367 25 500 25 633 71 746 163 837 254 929 367 979 500 979 633 979 746 933 838 837 929 746 975 633 975 500 975 367 929 254 838 162M808 192C892 279 933 379 933 500 933 621 892 725 808 808 725 892 621 938 500 938 379 938 279 896 196 808 113 725 67 621 67 500 67 379 108 279 196 192 279 108 383 62 500 62 621 62 721 108 808 192M438 392V642L642 517 438 392Z\"><\/path><\/svg>\t\t\t\t\t\t<\/div>\n\t\t\t\t\t\t\t\t\t<\/div>\n\t\t\t\t\t<\/div>\n\t\t\t\t\t\t<\/div>\n\t\t\t\t<div class=\"elementor-element elementor-element-8d0c21f elementor-widget elementor-widget-text-editor\" data-id=\"8d0c21f\" data-element_type=\"widget\" data-e-type=\"widget\" data-widget_type=\"text-editor.default\">\n\t\t\t\t\t\t\t\t\t<p>\u00a0<\/p><p><strong>Queen of Fucking Everything<\/strong><br \/>TV-series, season 1<br \/>Premiere: 2025<\/p><p>Director: Tiina Lymi<br \/>Supervising Location Manager and Scout: Klaus Hedstr\u00f6m<br \/>Production: Rabbit Films<\/p><p><a href=\"https:\/\/www.imdb.com\/title\/tt33338105\/\" target=\"_blank\" rel=\"noopener\">https:\/\/www.imdb.com\/title\/tt33338105\/<\/a><\/p>\t\t\t\t\t\t\t\t<\/div>\n\t\t\t\t<div class=\"elementor-element elementor-element-6cf8993 elementor-widget elementor-widget-video\" data-id=\"6cf8993\" data-element_type=\"widget\" data-e-type=\"widget\" data-settings=\"{&quot;video_type&quot;:&quot;hosted&quot;,&quot;show_image_overlay&quot;:&quot;yes&quot;,&quot;image_overlay&quot;:{&quot;url&quot;:&quot;https:\\\/\\\/locationservice.fi\\\/wp-content\\\/uploads\\\/2026\\\/02\\\/Helsinki-Syndrome-Season-1-_-Trailer.jpg&quot;,&quot;id&quot;:270,&quot;size&quot;:&quot;&quot;,&quot;alt&quot;:&quot;&quot;,&quot;source&quot;:&quot;library&quot;},&quot;controls&quot;:&quot;yes&quot;}\" data-widget_type=\"video.default\">\n\t\t\t\t\t\t\t<div class=\"e-hosted-video elementor-wrapper elementor-open-inline\">\n\t\t\t\t\t<video class=\"elementor-video\" src=\"https:\/\/locationservice.fi\/wp-content\/uploads\/2026\/02\/Helsinki-Syndrome-Season-1-_-Trailer.mp4\" controls=\"\" preload=\"metadata\" controlsList=\"nodownload\"><\/video>\n\t\t\t\t\t\t<div class=\"elementor-custom-embed-image-overlay\" style=\"background-image: url(https:\/\/locationservice.fi\/wp-content\/uploads\/2026\/02\/Helsinki-Syndrome-Season-1-_-Trailer.jpg);\">\n\t\t\t\t\t\t\t\t\t\t\t\t\t\t\t\t<div class=\"elementor-custom-embed-play\" role=\"button\" aria-label=\"Play Video\" tabindex=\"0\">\n\t\t\t\t\t\t\t<svg aria-hidden=\"true\" class=\"e-font-icon-svg e-eicon-play\" viewBox=\"0 0 1000 1000\" xmlns=\"http:\/\/www.w3.org\/2000\/svg\"><path d=\"M838 162C746 71 633 25 500 25 371 25 258 71 163 162 71 254 25 367 25 500 25 633 71 746 163 837 254 929 367 979 500 979 633 979 746 933 838 837 929 746 975 633 975 500 975 367 929 254 838 162M808 192C892 279 933 379 933 500 933 621 892 725 808 808 725 892 621 938 500 938 379 938 279 896 196 808 113 725 67 621 67 500 67 379 108 279 196 192 279 108 383 62 500 62 621 62 721 108 808 192M438 392V642L642 517 438 392Z\"><\/path><\/svg>\t\t\t\t\t\t<\/div>\n\t\t\t\t\t\t\t\t\t<\/div>\n\t\t\t\t\t<\/div>\n\t\t\t\t\t\t<\/div>\n\t\t\t\t<div class=\"elementor-element elementor-element-38b9f58 elementor-widget elementor-widget-text-editor\" data-id=\"38b9f58\" data-element_type=\"widget\" data-e-type=\"widget\" data-widget_type=\"text-editor.default\">\n\t\t\t\t\t\t\t\t\t<p>\u00a0<\/p><p><strong>Helsinki Syndrome<\/strong><br \/>TV-series, seasons 1&amp;2<br \/>Premiere: 2022 &amp; 2024<\/p><p>Directors: Juuso Syrj\u00e4, Marko M\u00e4kilaakso<br \/>Supervising Location Manager: Klaus Hedstr\u00f6m<\/p><p>Production: Fisher King \/ YLE<\/p><p><a href=\"https:\/\/www.imdb.com\/title\/tt21960214\/\" target=\"_blank\" rel=\"noopener\">https:\/\/www.imdb.com\/title\/tt21960214\/<\/a><\/p>\t\t\t\t\t\t\t\t<\/div>\n\t\t\t\t<div class=\"elementor-element elementor-element-8879566 elementor-widget elementor-widget-video\" data-id=\"8879566\" data-element_type=\"widget\" data-e-type=\"widget\" data-settings=\"{&quot;video_type&quot;:&quot;hosted&quot;,&quot;show_image_overlay&quot;:&quot;yes&quot;,&quot;image_overlay&quot;:{&quot;url&quot;:&quot;https:\\\/\\\/locationservice.fi\\\/wp-content\\\/uploads\\\/2026\\\/02\\\/LAST-TO-BRAKE-series-teaser-_-2024-Finnish-premiere.jpg&quot;,&quot;id&quot;:271,&quot;size&quot;:&quot;&quot;,&quot;alt&quot;:&quot;&quot;,&quot;source&quot;:&quot;library&quot;},&quot;controls&quot;:&quot;yes&quot;}\" data-widget_type=\"video.default\">\n\t\t\t\t\t\t\t<div class=\"e-hosted-video elementor-wrapper elementor-open-inline\">\n\t\t\t\t\t<video class=\"elementor-video\" src=\"https:\/\/locationservice.fi\/wp-content\/uploads\/2026\/02\/LAST-TO-BRAKE-series-teaser-_-2024-Finnish-premiere.mp4\" controls=\"\" preload=\"metadata\" controlsList=\"nodownload\"><\/video>\n\t\t\t\t\t\t<div class=\"elementor-custom-embed-image-overlay\" style=\"background-image: url(https:\/\/locationservice.fi\/wp-content\/uploads\/2026\/02\/LAST-TO-BRAKE-series-teaser-_-2024-Finnish-premiere.jpg);\">\n\t\t\t\t\t\t\t\t\t\t\t\t\t\t\t\t<div class=\"elementor-custom-embed-play\" role=\"button\" aria-label=\"Play Video\" tabindex=\"0\">\n\t\t\t\t\t\t\t<svg aria-hidden=\"true\" class=\"e-font-icon-svg e-eicon-play\" viewBox=\"0 0 1000 1000\" xmlns=\"http:\/\/www.w3.org\/2000\/svg\"><path d=\"M838 162C746 71 633 25 500 25 371 25 258 71 163 162 71 254 25 367 25 500 25 633 71 746 163 837 254 929 367 979 500 979 633 979 746 933 838 837 929 746 975 633 975 500 975 367 929 254 838 162M808 192C892 279 933 379 933 500 933 621 892 725 808 808 725 892 621 938 500 938 379 938 279 896 196 808 113 725 67 621 67 500 67 379 108 279 196 192 279 108 383 62 500 62 621 62 721 108 808 192M438 392V642L642 517 438 392Z\"><\/path><\/svg>\t\t\t\t\t\t<\/div>\n\t\t\t\t\t\t\t\t\t<\/div>\n\t\t\t\t\t<\/div>\n\t\t\t\t\t\t<\/div>\n\t\t\t\t<div class=\"elementor-element elementor-element-de3cd1b elementor-widget elementor-widget-text-editor\" data-id=\"de3cd1b\" data-element_type=\"widget\" data-e-type=\"widget\" data-widget_type=\"text-editor.default\">\n\t\t\t\t\t\t\t\t\t<p>\u00a0<\/p><p><strong>Last to Brake<\/strong><br \/>Limited TV-series<br \/>Premiere: 2024<\/p><p>Director: Simon Kajser<br \/>Supervising Location Manager: Klaus Hedstr\u00f6m<br \/>Production: Fun Far<\/p><p><a href=\"https:\/\/www.imdb.com\/title\/tt27531651\/\" target=\"_blank\" rel=\"noopener\">https:\/\/www.imdb.com\/title\/tt27531651\/<\/a><\/p>\t\t\t\t\t\t\t\t<\/div>\n\t\t\t\t<div class=\"elementor-element elementor-element-e7140f2 elementor-widget elementor-widget-video\" data-id=\"e7140f2\" data-element_type=\"widget\" data-e-type=\"widget\" data-settings=\"{&quot;video_type&quot;:&quot;hosted&quot;,&quot;show_image_overlay&quot;:&quot;yes&quot;,&quot;image_overlay&quot;:{&quot;url&quot;:&quot;https:\\\/\\\/locationservice.fi\\\/wp-content\\\/uploads\\\/2026\\\/02\\\/Trailer-\\u9884\\u544a\\uff1a\\u7b2c\\u4e00\\u773c\\u770b\\u5230\\u4f60\\u5c31\\u9677\\u5165\\u4e86\\u6211\\u7684\\u5fc3\\u91cc\\uff01\\u300a\\u5728\\u66b4\\u96ea\\u65f6\\u5206-Amidst-a-Snowstorm-of-Love\\u300b_-ENG-SUB-_-\\u817e\\u8baf\\u89c6\\u9891-\\u9752\\u6625\\u5267\\u573a.jpg&quot;,&quot;id&quot;:274,&quot;size&quot;:&quot;&quot;,&quot;alt&quot;:&quot;&quot;,&quot;source&quot;:&quot;library&quot;},&quot;controls&quot;:&quot;yes&quot;}\" data-widget_type=\"video.default\">\n\t\t\t\t\t\t\t<div class=\"e-hosted-video elementor-wrapper elementor-open-inline\">\n\t\t\t\t\t<video class=\"elementor-video\" src=\"https:\/\/locationservice.fi\/wp-content\/uploads\/2026\/02\/Trailer-\u9884\u544a\uff1a\u7b2c\u4e00\u773c\u770b\u5230\u4f60\u5c31\u9677\u5165\u4e86\u6211\u7684\u5fc3\u91cc\uff01\u300a\u5728\u66b4\u96ea\u65f6\u5206-Amidst-a-Snowstorm-of-Love\u300b_-ENG-SUB-_-\u817e\u8baf\u89c6\u9891-\u9752\u6625\u5267\u573a.mp4\" controls=\"\" preload=\"metadata\" controlsList=\"nodownload\"><\/video>\n\t\t\t\t\t\t<div class=\"elementor-custom-embed-image-overlay\" style=\"background-image: url(https:\/\/locationservice.fi\/wp-content\/uploads\/2026\/02\/Trailer-\u9884\u544a\uff1a\u7b2c\u4e00\u773c\u770b\u5230\u4f60\u5c31\u9677\u5165\u4e86\u6211\u7684\u5fc3\u91cc\uff01\u300a\u5728\u66b4\u96ea\u65f6\u5206-Amidst-a-Snowstorm-of-Love\u300b_-ENG-SUB-_-\u817e\u8baf\u89c6\u9891-\u9752\u6625\u5267\u573a.jpg);\">\n\t\t\t\t\t\t\t\t\t\t\t\t\t\t\t\t<div class=\"elementor-custom-embed-play\" role=\"button\" aria-label=\"Play Video\" tabindex=\"0\">\n\t\t\t\t\t\t\t<svg aria-hidden=\"true\" class=\"e-font-icon-svg e-eicon-play\" viewBox=\"0 0 1000 1000\" xmlns=\"http:\/\/www.w3.org\/2000\/svg\"><path d=\"M838 162C746 71 633 25 500 25 371 25 258 71 163 162 71 254 25 367 25 500 25 633 71 746 163 837 254 929 367 979 500 979 633 979 746 933 838 837 929 746 975 633 975 500 975 367 929 254 838 162M808 192C892 279 933 379 933 500 933 621 892 725 808 808 725 892 621 938 500 938 379 938 279 896 196 808 113 725 67 621 67 500 67 379 108 279 196 192 279 108 383 62 500 62 621 62 721 108 808 192M438 392V642L642 517 438 392Z\"><\/path><\/svg>\t\t\t\t\t\t<\/div>\n\t\t\t\t\t\t\t\t\t<\/div>\n\t\t\t\t\t<\/div>\n\t\t\t\t\t\t<\/div>\n\t\t\t\t<div class=\"elementor-element elementor-element-6d2e1bd elementor-widget elementor-widget-text-editor\" data-id=\"6d2e1bd\" data-element_type=\"widget\" data-e-type=\"widget\" data-widget_type=\"text-editor.default\">\n\t\t\t\t\t\t\t\t\t<p>\u00a0<\/p><p><strong>Amidst a Snowstorm of Love \/ Zai Bao Xue Shi Fen<\/strong><br \/>TV-series<br \/>Premiere: 2024<\/p><p>Director: Tien-Jen Huang<br \/>Supervising Location Manager \/ Finland: Klaus Hedstr\u00f6m<br \/>Production: Jaywalk Studio<\/p><p><a href=\"https:\/\/www.imdb.com\/title\/tt28183145\/\" target=\"_blank\" rel=\"noopener\">https:\/\/www.imdb.com\/title\/tt28183145\/<\/a><\/p>\t\t\t\t\t\t\t\t<\/div>\n\t\t\t\t\t<\/div>\n\t\t\t\t<\/div>\n\t\t\t\t<\/div>\n\t\t","protected":false},"excerpt":{"rendered":"<p>Here&#8217;s a selection of recent production credits we&#8217;ve been involved in making. For more credits, please visit the Internet Movie Data Base, Imdb. https:\/\/locationservice.fi\/wp-content\/uploads\/2026\/02\/Blue-Baby-teaser.mp4 \u00a0 Hetki ennen valoa \/ Blue BabyFeature filmPremiere: 2026 Director: Klaus H\u00e4r\u00f6Supervising Location Manager and Scout: Klaus Hedstr\u00f6mProduction: Making Movies https:\/\/www.imdb.com\/title\/tt37895133\/ https:\/\/locationservice.fi\/wp-content\/uploads\/2026\/02\/Kerrokaikille_trailer.mp4 \u00a0 Kerro kaikille \/ Tell EveryoneFeature filmPremiere: 2026 Director: [&hellip;]<\/p>\n","protected":false},"author":1,"featured_media":0,"parent":0,"menu_order":0,"comment_status":"closed","ping_status":"closed","template":"","meta":{"footnotes":""},"class_list":["post-46","page","type-page","status-publish","hentry"],"_links":{"self":[{"href":"https:\/\/locationservice.fi\/index.php\/wp-json\/wp\/v2\/pages\/46","targetHints":{"allow":["GET"]}}],"collection":[{"href":"https:\/\/locationservice.fi\/index.php\/wp-json\/wp\/v2\/pages"}],"about":[{"href":"https:\/\/locationservice.fi\/index.php\/wp-json\/wp\/v2\/types\/page"}],"author":[{"embeddable":true,"href":"https:\/\/locationservice.fi\/index.php\/wp-json\/wp\/v2\/users\/1"}],"replies":[{"embeddable":true,"href":"https:\/\/locationservice.fi\/index.php\/wp-json\/wp\/v2\/comments?post=46"}],"version-history":[{"count":69,"href":"https:\/\/locationservice.fi\/index.php\/wp-json\/wp\/v2\/pages\/46\/revisions"}],"predecessor-version":[{"id":297,"href":"https:\/\/locationservice.fi\/index.php\/wp-json\/wp\/v2\/pages\/46\/revisions\/297"}],"wp:attachment":[{"href":"https:\/\/locationservice.fi\/index.php\/wp-json\/wp\/v2\/media?parent=46"}],"curies":[{"name":"wp","href":"https:\/\/api.w.org\/{rel}","templated":true}]}}